{"id":6,"date":"2022-11-01T21:39:08","date_gmt":"2022-11-01T21:39:08","guid":{"rendered":"https:\/\/growthclub.dk\/?page_id=6"},"modified":"2022-11-01T21:44:48","modified_gmt":"2022-11-01T21:44:48","slug":"forside","status":"publish","type":"page","link":"https:\/\/growthclub.dk\/","title":{"rendered":"Forside"},"content":{"rendered":"\n<div class=\"wp-block-media-text alignfull has-media-on-the-right is-stacked-on-mobile is-image-fill has-background-color has-text-color has-background has-link-color has-background-color has-secondary-background-color has-text-color has-background\" style=\"grid-template-columns:auto 51%\"><figure class=\"wp-block-media-text__media\" style=\"background-image:url(http:\/\/growthclub.dk\/wp-content\/uploads\/2022\/11\/Growthclub-683x1024-1.jpg);background-position:50% 50%\"><img loading=\"lazy\" width=\"683\" height=\"1024\" src=\"http:\/\/growthclub.dk\/wp-content\/uploads\/2022\/11\/Growthclub-683x1024-1.jpg\" alt=\"\" class=\"wp-image-8 size-full\" srcset=\"https:\/\/growthclub.dk\/wp-content\/uploads\/2022\/11\/Growthclub-683x1024-1.jpg 683w, https:\/\/growthclub.dk\/wp-content\/uploads\/2022\/11\/Growthclub-683x1024-1-200x300.jpg 200w\" sizes=\"(max-width: 683px) 100vw, 683px\" \/><\/figure><div class=\"wp-block-media-text__content\">\n<div style=\"height:32px\" aria-hidden=\"true\" class=\"wp-block-spacer\"><\/div>\n\n\n\n\n\n<figure class=\"wp-block-image alignleft size-full\"><img loading=\"lazy\" width=\"800\" height=\"178\" src=\"https:\/\/growthclub.dk\/wp-content\/uploads\/2022\/11\/Growthclub.png\" alt=\"\" class=\"wp-image-13\" srcset=\"https:\/\/growthclub.dk\/wp-content\/uploads\/2022\/11\/Growthclub.png 800w, https:\/\/growthclub.dk\/wp-content\/uploads\/2022\/11\/Growthclub-300x67.png 300w, https:\/\/growthclub.dk\/wp-content\/uploads\/2022\/11\/Growthclub-768x171.png 768w\" sizes=\"(max-width: 800px) 100vw, 800px\" \/><\/figure>\n\n\n\n<div class=\"wp-container-1 wp-block-group\" style=\"padding-top:min(28rem, 28vw);padding-right:min(8rem, 5vw)\">\n<h2 class=\"has-foreground-color has-text-color\" id=\"dougstilton-1\" style=\"font-size:clamp(3rem, 6vw, 4.5rem);font-weight:300;line-height:1.115\"><em>Velkommen til Growthclub.dk<br><\/em><\/h2>\n\n\n\n<p class=\"has-foreground-color has-text-color\" style=\"line-height:1.6\">Et nyt netv\u00e6rk for selvst\u00e6ndige er p\u00e5 vej!<\/p>\n\n\n\n<div style=\"height:40px\" aria-hidden=\"true\" class=\"wp-block-spacer\"><\/div>\n<\/div>\n\n\n\n<div style=\"height:32px\" aria-hidden=\"true\" class=\"wp-block-spacer\"><\/div>\n<\/div><\/div>\n\n\n\n<div class=\"wp-container-5 wp-block-group alignwide\">\n<div class=\"wp-container-4 wp-block-columns\">\n<div class=\"wp-container-2 wp-block-column is-vertically-aligned-bottom\">\n<h2 id=\"welcome-tothe-aviary-1\" style=\"font-size:clamp(3.25rem, 8vw, 6.25rem);line-height:1.15\"><em>Connect &amp; Grow<br><\/em><\/h2>\n<\/div>\n\n\n\n<div class=\"wp-container-3 wp-block-column is-vertically-aligned-bottom\" style=\"padding-bottom:6rem\">\n<p>Med Growthclub er det vores m\u00e5l at skabe et vidensdelings-netv\u00e6rk, hvor b\u00e5de soloselvst\u00e6ndige, sm\u00e5 og mellemstore virksomheder kan udveksle viden.<\/p>\n\n\n\n<p>Hvis du \u00f8nsker at samarbejde, er du velkommen til at kontakte os. <\/p>\n\n\n\n<div style=\"height:20px\" aria-hidden=\"true\" class=\"wp-block-spacer\"><\/div>\n<\/div>\n<\/div>\n<\/div>\n\n\n\n<div class=\"wp-container-8 wp-block-columns\">\n<div class=\"wp-container-6 wp-block-column is-vertically-aligned-top\">\n<p class=\"has-x-large-font-size\" id=\"sporgsmal\"><strong>Sp\u00f8rgsm\u00e5l?<\/strong><\/p>\n\n\n\n<p>S\u00e5 udfyld kontaktformularen her:<\/p>\n\n\n\n<p>(Obs. Vi frabeder os venligst henvendelser omkring dom\u00e6net, da projektet er under udvikling)<\/p>\n\n\n\n<p><\/p>\n\n\n\n<p><\/p>\n<\/div>\n\n\n\n<div class=\"wp-container-7 wp-block-column\">\n<div class=\"wp-block-contact-form-7-contact-form-selector\"><div role=\"form\" class=\"wpcf7\" id=\"wpcf7-f10-o1\" lang=\"da-DK\" dir=\"ltr\">\n<div class=\"screen-reader-response\"><p role=\"status\" aria-live=\"polite\" aria-atomic=\"true\"><\/p> <ul><\/ul><\/div>\n<form action=\"\/index.php\/wp-json\/wp\/v2\/pages\/6#wpcf7-f10-o1\" method=\"post\" class=\"wpcf7-form init\" novalidate=\"novalidate\" data-status=\"init\">\n<div style=\"display: none;\">\n<input type=\"hidden\" name=\"_wpcf7\" value=\"10\" \/>\n<input type=\"hidden\" name=\"_wpcf7_version\" value=\"5.6.4\" \/>\n<input type=\"hidden\" name=\"_wpcf7_locale\" value=\"da_DK\" \/>\n<input type=\"hidden\" name=\"_wpcf7_unit_tag\" value=\"wpcf7-f10-o1\" \/>\n<input type=\"hidden\" name=\"_wpcf7_container_post\" value=\"0\" \/>\n<input type=\"hidden\" name=\"_wpcf7_posted_data_hash\" value=\"\" \/>\n<\/div>\n<p><label> Dit navn<br \/>\n    <span class=\"wpcf7-form-control-wrap\" data-name=\"your-name\"><input type=\"text\" name=\"your-name\" value=\"\" size=\"40\" class=\"wpcf7-form-control wpcf7-text wpcf7-validates-as-required\" aria-required=\"true\" aria-invalid=\"false\" \/><\/span> <\/label><\/p>\n<p><label> Din e-mail<br \/>\n    <span class=\"wpcf7-form-control-wrap\" data-name=\"your-email\"><input type=\"email\" name=\"your-email\" value=\"\" size=\"40\" class=\"wpcf7-form-control wpcf7-text wpcf7-email wpcf7-validates-as-required wpcf7-validates-as-email\" aria-required=\"true\" aria-invalid=\"false\" \/><\/span> <\/label><\/p>\n<p><label> Emne<br \/>\n    <span class=\"wpcf7-form-control-wrap\" data-name=\"your-subject\"><input type=\"text\" name=\"your-subject\" value=\"\" size=\"40\" class=\"wpcf7-form-control wpcf7-text wpcf7-validates-as-required\" aria-required=\"true\" aria-invalid=\"false\" \/><\/span> <\/label><\/p>\n<p><label> Din besked (valgfri)<br \/>\n    <span class=\"wpcf7-form-control-wrap\" data-name=\"your-message\"><textarea name=\"your-message\" cols=\"40\" rows=\"10\" class=\"wpcf7-form-control wpcf7-textarea\" aria-invalid=\"false\"><\/textarea><\/span> <\/label><\/p>\n<p><input type=\"submit\" value=\"Send\" class=\"wpcf7-form-control has-spinner wpcf7-submit\" \/><\/p>\n<div class=\"wpcf7-response-output\" aria-hidden=\"true\"><\/div><\/form><\/div><\/div>\n<\/div>\n<\/div>\n\n\n\n<div class=\"wp-container-10 wp-block-group alignfull\">\n<div class=\"wp-container-9 wp-block-group alignwide\" style=\"padding-top:4rem;padding-bottom:4rem\">\n<p class=\"has-text-align-center\" style=\"font-size:16px\">\u00a9 Growthclub.dk 2022<\/p>\n<\/div>\n<\/div>\n","protected":false},"excerpt":{"rendered":"<p>Connect &amp; Grow Med Growthclub er det vores m\u00e5l at skabe et vidensdelings-netv\u00e6rk, hvor b\u00e5de soloselvst\u00e6ndige, sm\u00e5 og mellemstore virksomheder kan udveksle viden. Hvis du \u00f8nsker at samarbejde, er du velkommen til at kontakte os. Sp\u00f8rgsm\u00e5l? S\u00e5 udfyld kontaktformularen her: (Obs. Vi frabeder os venligst henvendelser omkring dom\u00e6net, da projektet er under udvikling) \u00a9 Growthclub.dk [&hellip;]<\/p>\n","protected":false},"author":1,"featured_media":0,"parent":0,"menu_order":0,"comment_status":"closed","ping_status":"closed","template":"","meta":[],"_links":{"self":[{"href":"https:\/\/growthclub.dk\/index.php\/wp-json\/wp\/v2\/pages\/6"}],"collection":[{"href":"https:\/\/growthclub.dk\/index.php\/wp-json\/wp\/v2\/pages"}],"about":[{"href":"https:\/\/growthclub.dk\/index.php\/wp-json\/wp\/v2\/types\/page"}],"author":[{"embeddable":true,"href":"https:\/\/growthclub.dk\/index.php\/wp-json\/wp\/v2\/users\/1"}],"replies":[{"embeddable":true,"href":"https:\/\/growthclub.dk\/index.php\/wp-json\/wp\/v2\/comments?post=6"}],"version-history":[{"count":3,"href":"https:\/\/growthclub.dk\/index.php\/wp-json\/wp\/v2\/pages\/6\/revisions"}],"predecessor-version":[{"id":14,"href":"https:\/\/growthclub.dk\/index.php\/wp-json\/wp\/v2\/pages\/6\/revisions\/14"}],"wp:attachment":[{"href":"https:\/\/growthclub.dk\/index.php\/wp-json\/wp\/v2\/media?parent=6"}],"curies":[{"name":"wp","href":"https:\/\/api.w.org\/{rel}","templated":true}]}}